{"id":455,"date":"2016-10-13T02:54:23","date_gmt":"2016-10-13T02:54:23","guid":{"rendered":"http:\/\/btpholdings.com.vn\/en\/ung-tuyen\/"},"modified":"2016-10-20T07:15:53","modified_gmt":"2016-10-20T07:15:53","slug":"apply","status":"publish","type":"page","link":"https:\/\/tuyendung.btpholdings.com.vn\/en\/apply\/","title":{"rendered":"Apply"},"content":{"rendered":"<h2>BTP HOLDINGS CH\u00c0O \u0110\u00d3N S\u1ef0 GIA NH\u1eacP C\u1ee6A ANH\/ CH\u1eca<\/h2>\n<p>\u0110\u1ec3 tham gia d\u1ef1 tuy\u1ec3n v\u00e0o c\u00e1c v\u1ecb tr\u00ed t\u1ea1i T\u1eadp \u0111o\u00e0n anh\/ ch\u1ecb vui l\u00f2ng \u0111i\u1ec1n \u0111\u1ea7y \u0111\u1ee7 th\u00f4ng tin theo form d\u01b0\u1edbi \u0111\u00e2y :<\/p>\n<div role=\"form\" class=\"wpcf7\" id=\"wpcf7-f316-o1\" lang=\"en-US\" dir=\"ltr\">\n<div class=\"screen-reader-response\"><p role=\"status\" aria-live=\"polite\" aria-atomic=\"true\"><\/p> <ul><\/ul><\/div>\n<form action=\"\/en\/wp-json\/wp\/v2\/pages\/455#wpcf7-f316-o1\" method=\"post\" class=\"wpcf7-form init\" enctype=\"multipart\/form-data\" novalidate=\"novalidate\" data-status=\"init\">\n<div style=\"display: none;\">\n<input type=\"hidden\" name=\"_wpcf7\" value=\"316\" \/>\n<input type=\"hidden\" name=\"_wpcf7_version\" value=\"5.4\" \/>\n<input type=\"hidden\" name=\"_wpcf7_locale\" value=\"en_US\" \/>\n<input type=\"hidden\" name=\"_wpcf7_unit_tag\" value=\"wpcf7-f316-o1\" \/>\n<input type=\"hidden\" name=\"_wpcf7_container_post\" value=\"0\" \/>\n<input type=\"hidden\" name=\"_wpcf7_posted_data_hash\" value=\"\" \/>\n<\/div>\n<div class=\"cf7_wrap\">\n<div class=\"cf7_col1\"><span class=\"wpcf7-form-control-wrap your-name\"><input type=\"text\" name=\"your-name\" value=\"\" size=\"40\" class=\"wpcf7-form-control wpcf7-text wpcf7-validates-as-required\" aria-required=\"true\" aria-invalid=\"false\" placeholder=\"H\u1ecd v\u00e0 t\u00ean\" \/><\/span><\/div>\n<div class=\"cf7_col2\"><span class=\"wpcf7-form-control-wrap ngaysinh\"><input type=\"date\" name=\"ngaysinh\" value=\"\" class=\"wpcf7-form-control wpcf7-date wpcf7-validates-as-required wpcf7-validates-as-date\" aria-required=\"true\" aria-invalid=\"false\" placeholder=\"Ng\u00e0y sinh\" \/><\/span><\/div>\n<\/div>\n<div class=\"cf7_wrap\">\n<div class=\"cf7_col1\"><span class=\"wpcf7-form-control-wrap diadiemlamviec\"><select name=\"diadiemlamviec\" class=\"wpcf7-form-control wpcf7-select wpcf7-validates-as-required\" aria-required=\"true\" aria-invalid=\"false\"><option value=\"\">\u0110\u1ecba \u0111i\u1ec3m l\u00e0m vi\u1ec7c mong mu\u1ed1n<\/option><option value=\"H\u00e0 N\u1ed9i\">H\u00e0 N\u1ed9i<\/option><option value=\"H\u1ed3 Ch\u00ed Minh\">H\u1ed3 Ch\u00ed Minh<\/option><\/select><\/span><\/div>\n<div class=\"cf7_col2\"><span class=\"wpcf7-form-control-wrap your-tel\"><input type=\"tel\" name=\"your-tel\" value=\"\" size=\"40\" class=\"wpcf7-form-control wpcf7-text wpcf7-tel wpcf7-validates-as-required wpcf7-validates-as-tel\" aria-required=\"true\" aria-invalid=\"false\" placeholder=\"S\u1ed1 \u0111i\u1ec7n tho\u1ea1i\" \/><\/span><\/div>\n<\/div>\n<div class=\"cf7_wrap\">\n<div class=\"cf7_col1\"><span class=\"wpcf7-form-control-wrap kinhnghiem\"><select name=\"kinhnghiem\" class=\"wpcf7-form-control wpcf7-select wpcf7-validates-as-required\" aria-required=\"true\" aria-invalid=\"false\"><option value=\"\">Kinh nghi\u1ec7m<\/option><option value=\"Ch\u01b0a c\u00f3 kinh nghi\u1ec7m\">Ch\u01b0a c\u00f3 kinh nghi\u1ec7m<\/option><option value=\"&lt; 1 n\u0103m\">&lt; 1 n\u0103m<\/option><option value=\"&gt; 1 n\u0103m\">&gt; 1 n\u0103m<\/option><option value=\"&gt; 2 n\u0103m\">&gt; 2 n\u0103m<\/option><\/select><\/span><\/div>\n<div class=\"cf7_col2\"><span class=\"wpcf7-form-control-wrap your-email\"><input type=\"email\" name=\"your-email\" value=\"\" size=\"40\" class=\"wpcf7-form-control wpcf7-text wpcf7-email wpcf7-validates-as-required wpcf7-validates-as-email\" aria-required=\"true\" aria-invalid=\"false\" placeholder=\"Email li\u00ean h\u1ec7\" \/><\/span><\/div>\n<\/div>\n<div class=\"cf7_wrap\">\n<div class=\"cf7_col1\"><span class=\"wpcf7-form-control-wrap vitri_ungtuyen\"><select name=\"vitri_ungtuyen\" class=\"wpcf7-form-control wpcf7-select wpcf7-validates-as-required\" aria-required=\"true\" aria-invalid=\"false\"><option value=\"\">V\u1ecb tr\u00ed \u1ee9ng tuy\u1ec3n<\/option><option value=\"K\u1ebf to\u00e1n tr\u01b0\u1edfng\">K\u1ebf to\u00e1n tr\u01b0\u1edfng<\/option><option value=\"Tr\u01b0\u1edfng ph\u00f2ng Marketing\">Tr\u01b0\u1edfng ph\u00f2ng Marketing<\/option><option value=\"Chuy\u00ean vi\u00ean Tuy\u1ec3n d\u1ee5ng\">Chuy\u00ean vi\u00ean Tuy\u1ec3n d\u1ee5ng<\/option><option value=\"Tr\u1ee3 l\u00fd ch\u1ee7 t\u1ecbch H\u0110QT\">Tr\u1ee3 l\u00fd ch\u1ee7 t\u1ecbch H\u0110QT<\/option><option value=\"Gi\u00e1m s\u00e1t b\u00e1n h\u00e0ng\">Gi\u00e1m s\u00e1t b\u00e1n h\u00e0ng<\/option><option value=\"CTV Marketing\">CTV Marketing<\/option><option value=\"CTV Tuy\u1ec3n d\u1ee5ng\">CTV Tuy\u1ec3n d\u1ee5ng<\/option><option value=\"NV giao nh\u1eadn\">NV giao nh\u1eadn<\/option><option value=\"Nh\u00e2n vi\u00ean IT\">Nh\u00e2n vi\u00ean IT<\/option><option value=\"Tr\u01b0\u1edfng b\u1ed9 ph\u1eadn k\u1ef9 thu\u1eadt\">Tr\u01b0\u1edfng b\u1ed9 ph\u1eadn k\u1ef9 thu\u1eadt<\/option><option value=\"NVKD Caoza\">NVKD Caoza<\/option><option value=\"Nh\u00e2n vi\u00ean b\u00e1n h\u00e0ng\">Nh\u00e2n vi\u00ean b\u00e1n h\u00e0ng<\/option><option value=\"Tr\u01b0\u1edfng nh\u00f3m CSKH\">Tr\u01b0\u1edfng nh\u00f3m CSKH<\/option><option value=\"Th\u1ee7 kho\">Th\u1ee7 kho<\/option><option value=\"K\u1ebf to\u00e1n thu\u1ebf\">K\u1ebf to\u00e1n thu\u1ebf<\/option><option value=\"Nh\u00e2n vi\u00ean IT\">Nh\u00e2n vi\u00ean IT<\/option><option value=\"Tr\u01b0\u1edfng Ph\u00f2ng HCNS\">Tr\u01b0\u1edfng Ph\u00f2ng HCNS<\/option><\/select><\/span><\/div>\n<div class=\"cf7_col2\"><span class=\"wpcf7-form-control-wrap trinhdo\"><select name=\"trinhdo\" class=\"wpcf7-form-control wpcf7-select wpcf7-validates-as-required\" aria-required=\"true\" aria-invalid=\"false\"><option value=\"\">Tr\u00ecnh \u0111\u1ed9<\/option><option value=\"\u0110\u1ea1i h\u1ecdc\">\u0110\u1ea1i h\u1ecdc<\/option><option value=\"Cao \u0111\u1eb3ng\">Cao \u0111\u1eb3ng<\/option><\/select><\/span><\/div>\n<\/div>\n<div class=\"cf7_wrap\">\n<div class=\"cf7_row\"><span class=\"wpcf7-form-control-wrap kinhnghiem_lamviec\"><textarea name=\"kinhnghiem_lamviec\" cols=\"40\" rows=\"10\" class=\"wpcf7-form-control wpcf7-textarea\" aria-invalid=\"false\" placeholder=\"T\u00f3m t\u1eaft kinh nghi\u1ec7m l\u00e0m vi\u1ec7c\"><\/textarea><\/span><\/div>\n<\/div>\n<div class=\"cf7_wrap\">\n<div class=\"cf7_row\"><span class=\"wpcf7-form-control-wrap file-cv\"><input type=\"file\" name=\"file-cv\" size=\"40\" class=\"wpcf7-form-control wpcf7-file\" accept=\".jpg,.jpeg,.png,.gif,.pdf,.doc,.docx,.ppt,.pptx,.odt,.avi,.ogg,.m4a,.mov,.mp3,.mp4,.mpg,.wav,.wmv\" aria-invalid=\"false\" \/><\/span><\/div>\n<\/div>\n<div class=\"cf7_submit\"><input type=\"submit\" value=\"G\u1eedi\" class=\"wpcf7-form-control wpcf7-submit\" \/><\/div>\n<div class=\"wpcf7-response-output\" aria-hidden=\"true\"><\/div><\/form><\/div>\n","protected":false},"excerpt":{"rendered":"<p>BTP HOLDINGS CH\u00c0O \u0110\u00d3N S\u1ef0 GIA NH\u1eacP C\u1ee6A ANH\/ CH\u1eca \u0110\u1ec3 tham gia d\u1ef1 tuy\u1ec3n v\u00e0o c\u00e1c v\u1ecb tr\u00ed t\u1ea1i T\u1eadp \u0111o\u00e0n anh\/ ch\u1ecb vui l\u00f2ng \u0111i\u1ec1n \u0111\u1ea7y \u0111\u1ee7 th\u00f4ng tin theo form d\u01b0\u1edbi \u0111\u00e2y :<\/p>\n","protected":false},"author":1,"featured_media":0,"parent":0,"menu_order":0,"comment_status":"closed","ping_status":"closed","template":"templates\/temp-ungtuyen.php","meta":[],"yoast_head":"<!-- This site is optimized with the Yoast SEO plugin v16.0.2 - https:\/\/yoast.com\/wordpress\/plugins\/seo\/ -->\n<link rel=\"canonical\" href=\"https:\/\/tuyendung.btpholdings.com.vn\/en\/apply\/\" \/>\n<meta property=\"og:locale\" content=\"en_US\" \/>\n<meta property=\"og:type\" content=\"article\" \/>\n<meta property=\"og:title\" content=\"Apply - T\u1eadp \u0111o\u00e0n BTP Holdings\" \/>\n<meta property=\"og:description\" content=\"BTP HOLDINGS CH\u00c0O \u0110\u00d3N S\u1ef0 GIA NH\u1eacP C\u1ee6A ANH\/ CH\u1eca \u0110\u1ec3 tham gia d\u1ef1 tuy\u1ec3n v\u00e0o c\u00e1c v\u1ecb tr\u00ed t\u1ea1i T\u1eadp \u0111o\u00e0n anh\/ ch\u1ecb vui l\u00f2ng \u0111i\u1ec1n \u0111\u1ea7y \u0111\u1ee7 th\u00f4ng tin theo form d\u01b0\u1edbi \u0111\u00e2y :\" \/>\n<meta property=\"og:url\" content=\"https:\/\/tuyendung.btpholdings.com.vn\/en\/apply\/\" \/>\n<meta property=\"og:site_name\" content=\"T\u1eadp \u0111o\u00e0n BTP Holdings\" \/>\n<meta property=\"article:publisher\" content=\"https:\/\/www.facebook.com\/tapdoanBTP\" \/>\n<meta property=\"article:modified_time\" content=\"2016-10-20T07:15:53+00:00\" \/>\n<meta name=\"twitter:card\" content=\"summary\" \/>\n<script type=\"application\/ld+json\" class=\"yoast-schema-graph\">{\"@context\":\"https:\/\/schema.org\",\"@graph\":[{\"@type\":\"Organization\",\"@id\":\"https:\/\/tuyendung.btpholdings.com.vn\/#organization\",\"name\":\"T\\u1eacP \\u0110O\\u00c0N B\\u00c1CH T\\u01af\\u1edcNG PH\\u00c1T\",\"url\":\"https:\/\/tuyendung.btpholdings.com.vn\/\",\"sameAs\":[\"https:\/\/www.facebook.com\/tapdoanBTP\",\"https:\/\/www.youtube.com\/channel\/UC-2CwVc177rCNpA5mWzyKyQ\"],\"logo\":{\"@type\":\"ImageObject\",\"@id\":\"https:\/\/tuyendung.btpholdings.com.vn\/#logo\",\"inLanguage\":\"en-US\",\"url\":\"https:\/\/tuyendung.btpholdings.com.vn\/wp-content\/uploads\/2021\/01\/BTP.png\",\"width\":578,\"height\":198,\"caption\":\"T\\u1eacP \\u0110O\\u00c0N B\\u00c1CH T\\u01af\\u1edcNG PH\\u00c1T\"},\"image\":{\"@id\":\"https:\/\/tuyendung.btpholdings.com.vn\/#logo\"}},{\"@type\":\"WebSite\",\"@id\":\"https:\/\/tuyendung.btpholdings.com.vn\/#website\",\"url\":\"https:\/\/tuyendung.btpholdings.com.vn\/\",\"name\":\"T\\u1eadp \\u0111o\\u00e0n BTP Holdings\",\"description\":\"T\\u1eadp \\u0111o\\u00e0n BTP Holdings\",\"publisher\":{\"@id\":\"https:\/\/tuyendung.btpholdings.com.vn\/#organization\"},\"potentialAction\":[{\"@type\":\"SearchAction\",\"target\":\"https:\/\/tuyendung.btpholdings.com.vn\/?s={search_term_string}\",\"query-input\":\"required name=search_term_string\"}],\"inLanguage\":\"en-US\"},{\"@type\":\"WebPage\",\"@id\":\"https:\/\/tuyendung.btpholdings.com.vn\/en\/apply\/#webpage\",\"url\":\"https:\/\/tuyendung.btpholdings.com.vn\/en\/apply\/\",\"name\":\"Apply - T\\u1eadp \\u0111o\\u00e0n BTP Holdings\",\"isPartOf\":{\"@id\":\"https:\/\/tuyendung.btpholdings.com.vn\/#website\"},\"datePublished\":\"2016-10-13T02:54:23+00:00\",\"dateModified\":\"2016-10-20T07:15:53+00:00\",\"breadcrumb\":{\"@id\":\"https:\/\/tuyendung.btpholdings.com.vn\/en\/apply\/#breadcrumb\"},\"inLanguage\":\"en-US\",\"potentialAction\":[{\"@type\":\"ReadAction\",\"target\":[\"https:\/\/tuyendung.btpholdings.com.vn\/en\/apply\/\"]}]},{\"@type\":\"BreadcrumbList\",\"@id\":\"https:\/\/tuyendung.btpholdings.com.vn\/en\/apply\/#breadcrumb\",\"itemListElement\":[{\"@type\":\"ListItem\",\"position\":1,\"item\":{\"@type\":\"WebPage\",\"@id\":\"https:\/\/tuyendung.btpholdings.com.vn\/en\/\",\"url\":\"https:\/\/tuyendung.btpholdings.com.vn\/en\/\",\"name\":\"Trang ch\\u1ee7\"}},{\"@type\":\"ListItem\",\"position\":2,\"item\":{\"@type\":\"WebPage\",\"@id\":\"https:\/\/tuyendung.btpholdings.com.vn\/en\/apply\/\",\"url\":\"https:\/\/tuyendung.btpholdings.com.vn\/en\/apply\/\",\"name\":\"Apply\"}}]}]}<\/script>\n<!-- \/ Yoast SEO plugin. -->","_links":{"self":[{"href":"https:\/\/tuyendung.btpholdings.com.vn\/en\/wp-json\/wp\/v2\/pages\/455"}],"collection":[{"href":"https:\/\/tuyendung.btpholdings.com.vn\/en\/wp-json\/wp\/v2\/pages"}],"about":[{"href":"https:\/\/tuyendung.btpholdings.com.vn\/en\/wp-json\/wp\/v2\/types\/page"}],"author":[{"embeddable":true,"href":"https:\/\/tuyendung.btpholdings.com.vn\/en\/wp-json\/wp\/v2\/users\/1"}],"replies":[{"embeddable":true,"href":"https:\/\/tuyendung.btpholdings.com.vn\/en\/wp-json\/wp\/v2\/comments?post=455"}],"version-history":[{"count":3,"href":"https:\/\/tuyendung.btpholdings.com.vn\/en\/wp-json\/wp\/v2\/pages\/455\/revisions"}],"predecessor-version":[{"id":682,"href":"https:\/\/tuyendung.btpholdings.com.vn\/en\/wp-json\/wp\/v2\/pages\/455\/revisions\/682"}],"wp:attachment":[{"href":"https:\/\/tuyendung.btpholdings.com.vn\/en\/wp-json\/wp\/v2\/media?parent=455"}],"curies":[{"name":"wp","href":"https:\/\/api.w.org\/{rel}","templated":true}]}}